{"id":19347,"date":"2022-09-17T15:31:53","date_gmt":"2022-09-17T15:31:53","guid":{"rendered":"https:\/\/www.roboprogram.com\/uslovi-koriscenja\/"},"modified":"2024-04-25T14:33:05","modified_gmt":"2024-04-25T14:33:05","slug":"uslovi-koriscenja","status":"publish","type":"page","link":"https:\/\/www.roboprogram.com\/sr\/uslovi-koriscenja\/","title":{"rendered":"Uslovi kori\u0161\u0107enja"},"content":{"rendered":"\t\t<div data-elementor-type=\"wp-page\" data-elementor-id=\"19347\" class=\"elementor elementor-19347 elementor-6735\" data-elementor-post-type=\"page\">\n\t\t\t\t\t\t<section class=\"elementor-section elementor-top-section elementor-element elementor-element-9ecabdc elementor-section-boxed elementor-section-height-default elementor-section-height-default\" data-id=\"9ecabdc\" data-element_type=\"section\" data-e-type=\"section\">\n\t\t\t\t\t\t<div class=\"elementor-container elementor-column-gap-default\">\n\t\t\t\t\t<div class=\"elementor-column elementor-col-100 elementor-top-column elementor-element elementor-element-21c8106\" data-id=\"21c8106\" data-element_type=\"column\" data-e-type=\"column\">\n\t\t\t<div class=\"elementor-widget-wrap elementor-element-populated\">\n\t\t\t\t\t\t<div class=\"elementor-element elementor-element-2bf4432 elementor-widget elementor-widget-text-editor\" data-id=\"2bf4432\" data-element_type=\"widget\" data-e-type=\"widget\" data-widget_type=\"text-editor.default\">\n\t\t\t\t<div class=\"elementor-widget-container\">\n\t\t\t\t\t\t\t\t\t<p>Ova Politika privatnosti dopunjava Pravila kori\u0161c\u0301enja na sajtu https:\/\/roboprogram.com\/ (u daljem tekstu: \u201eVeb sajt\u201c) kompanije Roboprogram DOO sa sedi\u0161tem u Novom Sadu, dr Miodraga Lazic\u0301a br. 13, mati\u010dni broj 20943416 (u daljem tekstu: preduzec\u0301e) i menja ga u delu koji se odnosi na za\u0161titu podataka o li\u010dnosti, a sve u cilju usagla\u0161avanja sa relevantnim propisima iz oblasti za\u0161tite podataka o li\u010dnosti. Ova Politika privatnosti slu\u017ei da se korisnicima sajta objasni koje podatke kompanija prikuplja, kako te podatke koristi, kao i da pru\u017ei sve druge va\u017ene informacije koje se odnose na za\u0161titu li\u010dnih podataka, a koje se odnose na pretra\u017eivanje veb stranice kompanije.<\/p>\n<h2>1. Li\u010dna, autorska i druga prava<\/h2>\n<p>Sadr\u017eaj objavljen na ovoj veb stranici ne sme se reprodukovati, distribuirati ili na bilo koji na\u010din koristiti u komercijalne svrhe bez izri\u010dite saglasnosti kompanije, ili na bilo koji na\u010din koji mo\u017ee naneti \u0161tetu kompaniji ili bilo kojoj trec\u0301oj strani.<\/p>\n<p>Ako smatrate da sadr\u017eaj objavljen na ovoj veb stranici kr\u0161i va\u0161a li\u010dna, autorska ili druga prava ili interese, mo\u017eete zatra\u017eiti objavljivanje odgovora ili ispravke. Predmet c\u0301e biti razmotren u najkrac\u0301em moguc\u0301em roku, a sporni sadr\u017eaj c\u0301e biti uklonjen odmah po eventualnom utvr\u0111ivanju osnovanosti sadr\u017eaja \u017ealbe. <\/p>\n<h2>2. Veze ka drugim veb lokacijama i ogla\u0161iva\u010dima<\/h2>\n<p>Kompanija u dobroj nameri objavljuje sadr\u017eaj na svojoj veb stranici. Ova veb stranica se sastoji od sopstvenog sadr\u017eaja, besplatnog sadr\u017eaja i linkova ka spoljnim sajtovima, kao i linkova ka drugim veb lokacijama koje su kreirala trec\u0301a lica (linkovi) koji c\u0301e, kad god je to moguc\u0301e, biti ozna\u010deni kao takvi. Kompanija nema kontrolu nad gore navedenim podacima i informacijama ili drugim veb lokacijama, i u potpunosti se odri\u010de svake odgovornosti u vezi sa sadr\u017eajem na veb lokacijama koje su kreirale trec\u0301e strane.  <\/p>\n<p>Pristup ovoj veb stranici i svim njenim sadr\u017eajima je dozvoljen osobama bilo kog uzrasta, osim ako je druga\u010dije navedeno u odre\u0111enim sadr\u017eajima.<\/p>\n<h2>3. Za\u0161tita privatnosti i poverljivost podataka<\/h2>\n<p>\u0160to se ti\u010de pitanja u vezi sa obradom i za\u0161titom li\u010dnih podataka korisnika Interneta, pogledajte na\u0161u Politiku privatnosti.<\/p>\n<h2>4. Izmene i dopune Uslova kori\u0161c\u0301enja i njihovo stupanje na snagu<\/h2>\n<p>Kompanija zadr\u017eava pravo da s vremena na vreme promeni ili dopuni ove Uslove kori\u0161c\u0301enja bez prethodne najave. Kompanija mo\u017ee da obavesti korisnike o va\u017enim izmenama i dopunama putem e-po\u0161te ili objavljivanjem na ovoj veb stranici. Kori\u0161c\u0301enjem bilo kog sadr\u017eaja ove veb stranice, smatra se da ste upoznati sa najnovijim pravilima.  <\/p>\n<p>Ova Politika privatnosti va\u017ei od novembra 2023.<\/p>\n\t\t\t\t\t\t\t\t<\/div>\n\t\t\t\t<\/div>\n\t\t\t\t\t<\/div>\n\t\t<\/div>\n\t\t\t\t\t<\/div>\n\t\t<\/section>\n\t\t\t\t<\/div>\n\t\t","protected":false},"excerpt":{"rendered":"<p>Ova Politika privatnosti dopunjava Pravila kori\u0161c\u0301enja na sajtu https:\/\/roboprogram.com\/ (u daljem tekstu: \u201eVeb sajt\u201c) kompanije Roboprogram DOO sa sedi\u0161tem u Novom Sadu, dr Miodraga Lazic\u0301a br. 13, mati\u010dni broj 20943416 (u daljem tekstu: preduzec\u0301e) i menja ga u delu koji se&#8230;<\/p>\n","protected":false},"author":1,"featured_media":0,"parent":0,"menu_order":0,"comment_status":"closed","ping_status":"closed","template":"","meta":{"footnotes":""},"class_list":["post-19347","page","type-page","status-publish","hentry"],"_links":{"self":[{"href":"https:\/\/www.roboprogram.com\/sr\/wp-json\/wp\/v2\/pages\/19347","targetHints":{"allow":["GET"]}}],"collection":[{"href":"https:\/\/www.roboprogram.com\/sr\/wp-json\/wp\/v2\/pages"}],"about":[{"href":"https:\/\/www.roboprogram.com\/sr\/wp-json\/wp\/v2\/types\/page"}],"author":[{"embeddable":true,"href":"https:\/\/www.roboprogram.com\/sr\/wp-json\/wp\/v2\/users\/1"}],"replies":[{"embeddable":true,"href":"https:\/\/www.roboprogram.com\/sr\/wp-json\/wp\/v2\/comments?post=19347"}],"version-history":[{"count":0,"href":"https:\/\/www.roboprogram.com\/sr\/wp-json\/wp\/v2\/pages\/19347\/revisions"}],"wp:attachment":[{"href":"https:\/\/www.roboprogram.com\/sr\/wp-json\/wp\/v2\/media?parent=19347"}],"curies":[{"name":"wp","href":"https:\/\/api.w.org\/{rel}","templated":true}]}}